{"id":897,"date":"2021-12-26T19:08:33","date_gmt":"2021-12-26T19:08:33","guid":{"rendered":"https:\/\/precis.gal\/principal\/?page_id=897"},"modified":"2022-07-19T23:11:16","modified_gmt":"2022-07-19T23:11:16","slug":"equipos-mangueta","status":"publish","type":"page","link":"https:\/\/precis.gal\/principal\/productos\/automocion\/medios-de-control\/equipos-mangueta\/","title":{"rendered":"Equipos mangueta"},"content":{"rendered":"<p>[et_pb_section fb_built=\u00bb1&#8243; custom_padding_last_edited=\u00bbon|phone\u00bb _builder_version=\u00bb4.14.4&#8243; _module_preset=\u00bbdefault\u00bb background_color=\u00bb#ffffff\u00bb width_tablet=\u00bb\u00bb width_phone=\u00bb\u00bb width_last_edited=\u00bbon|phone\u00bb custom_margin=\u00bb||||false|false\u00bb custom_margin_tablet=\u00bb||||false|false\u00bb custom_margin_phone=\u00bb||||true|false\u00bb custom_margin_last_edited=\u00bboff|desktop\u00bb custom_padding=\u00bb40px||0px||false|false\u00bb custom_padding_tablet=\u00bb10px||0px||false|false\u00bb custom_padding_phone=\u00bb10px||0px||false|false\u00bb da_disable_devices=\u00bboff|off|off\u00bb locked=\u00bboff\u00bb global_colors_info=\u00bb{}\u00bb da_is_popup=\u00bboff\u00bb da_exit_intent=\u00bboff\u00bb da_has_close=\u00bbon\u00bb da_alt_close=\u00bboff\u00bb da_dark_close=\u00bboff\u00bb da_not_modal=\u00bbon\u00bb da_is_singular=\u00bboff\u00bb da_with_loader=\u00bboff\u00bb da_has_shadow=\u00bbon\u00bb][et_pb_row use_custom_gutter=\u00bbon\u00bb gutter_width=\u00bb1&#8243; admin_label=\u00bbFila\u00bb _builder_version=\u00bb4.14.4&#8243; _module_preset=\u00bbdefault\u00bb width_tablet=\u00bb90%\u00bb width_phone=\u00bb\u00bb width_last_edited=\u00bbon|phone\u00bb max_width_tablet=\u00bb\u00bb max_width_phone=\u00bb\u00bb max_width_last_edited=\u00bbon|desktop\u00bb custom_margin=\u00bb||0px||false|false\u00bb custom_padding=\u00bb||0px||false|false\u00bb global_colors_info=\u00bb{}\u00bb][et_pb_column type=\u00bb4_4&#8243; _builder_version=\u00bb4.14.4&#8243; _module_preset=\u00bbdefault\u00bb custom_padding=\u00bb||||false|false\u00bb global_colors_info=\u00bb{}\u00bb][et_pb_text _builder_version=\u00bb4.14.4&#8243; _module_preset=\u00bbdefault\u00bb header_3_font=\u00bbLato|700|||||||\u00bb global_colors_info=\u00bb{}\u00bb]<\/p>\n<h2>Medios de control<\/h2>\n<p>[\/et_pb_text][et_pb_code _builder_version=\u00bb4.14.4&#8243; _module_preset=\u00bbdefault\u00bb custom_margin=\u00bb||||false|false\u00bb custom_padding=\u00bb||||false|false\u00bb global_colors_info=\u00bb{}\u00bb]<div id=\"mega-menu-wrap-secondary-menu\" class=\"mega-menu-wrap\"><div class=\"mega-menu-toggle\"><div class=\"mega-toggle-blocks-left\"><\/div><div class=\"mega-toggle-blocks-center\"><\/div><div class=\"mega-toggle-blocks-right\"><div class='mega-toggle-block mega-menu-toggle-animated-block mega-toggle-block-0' id='mega-toggle-block-0'><button aria-label=\"Toggle Menu\" class=\"mega-toggle-animated mega-toggle-animated-slider\" type=\"button\" aria-expanded=\"false\">\n                  <span class=\"mega-toggle-animated-box\">\n                    <span class=\"mega-toggle-animated-inner\"><\/span>\n                  <\/span>\n                <\/button><\/div><\/div><\/div><ul id=\"mega-menu-secondary-menu\" class=\"mega-menu max-mega-menu mega-menu-horizontal mega-no-js\" data-event=\"hover_intent\" data-effect=\"disabled\" data-effect-speed=\"200\" data-effect-mobile=\"disabled\" data-effect-speed-mobile=\"0\" data-mobile-force-width=\"false\" data-second-click=\"go\" data-document-click=\"collapse\" data-vertical-behaviour=\"standard\" data-breakpoint=\"0\" data-unbind=\"true\" data-mobile-state=\"collapse_all\" data-hover-intent-timeout=\"300\" data-hover-intent-interval=\"100\"><li class='mega-menu-item mega-menu-item-type-post_type mega-menu-item-object-page mega-align-bottom-left mega-menu-flyout mega-menu-item-840' id='mega-menu-item-840'><a class=\"mega-menu-link\" href=\"https:\/\/precis.gal\/principal\/productos\/automocion\/maquinas-y-lineas\/propshaft\/\" tabindex=\"0\">Propshaft<\/a><\/li><li class='mega-menu-item mega-menu-item-type-post_type mega-menu-item-object-page mega-align-bottom-left mega-menu-flyout mega-menu-item-841' id='mega-menu-item-841'><a class=\"mega-menu-link\" href=\"https:\/\/precis.gal\/principal\/productos\/automocion\/maquinas-y-lineas\/montaje-de-componentes\/\" tabindex=\"0\">Montaje de componentes<\/a><\/li><li class='mega-menu-item mega-menu-item-type-post_type mega-menu-item-object-page mega-align-bottom-left mega-menu-flyout mega-menu-item-842' id='mega-menu-item-842'><a class=\"mega-menu-link\" href=\"https:\/\/precis.gal\/principal\/productos\/automocion\/maquinas-y-lineas\/inspeccion-por-vision\/\" tabindex=\"0\">Inspecci\u00f3n por visi\u00f3n<\/a><\/li><li class='mega-menu-item mega-menu-item-type-post_type mega-menu-item-object-page mega-align-bottom-left mega-menu-flyout mega-menu-item-843' id='mega-menu-item-843'><a class=\"mega-menu-link\" href=\"https:\/\/precis.gal\/principal\/productos\/automocion\/maquinas-y-lineas\/direcciones\/\" tabindex=\"0\">Direcciones<\/a><\/li><li class='mega-menu-item mega-menu-item-type-post_type mega-menu-item-object-page mega-align-bottom-left mega-menu-flyout mega-menu-item-844' id='mega-menu-item-844'><a class=\"mega-menu-link\" href=\"https:\/\/precis.gal\/principal\/productos\/automocion\/maquinas-y-lineas\/lineas-robotizadas\/\" tabindex=\"0\">L\u00edneas robotizadas<\/a><\/li><li class='mega-menu-item mega-menu-item-type-post_type mega-menu-item-object-page mega-align-bottom-left mega-menu-flyout mega-menu-item-845' id='mega-menu-item-845'><a class=\"mega-menu-link\" href=\"https:\/\/precis.gal\/principal\/productos\/automocion\/maquinas-y-lineas\/puestos-especiales\/\" tabindex=\"0\">Puestos especiales<\/a><\/li><\/ul><\/div>[\/et_pb_code][\/et_pb_column][\/et_pb_row][\/et_pb_section][et_pb_section fb_built=\u00bb1&#8243; custom_padding_last_edited=\u00bbon|phone\u00bb _builder_version=\u00bb4.14.4&#8243; _module_preset=\u00bbdefault\u00bb background_enable_color=\u00bboff\u00bb custom_padding=\u00bb25px||25px||true|false\u00bb custom_padding_tablet=\u00bb0px||0px||true|false\u00bb custom_padding_phone=\u00bb0px||0px||true|false\u00bb da_disable_devices=\u00bboff|off|off\u00bb global_colors_info=\u00bb{}\u00bb da_is_popup=\u00bboff\u00bb da_exit_intent=\u00bboff\u00bb da_has_close=\u00bbon\u00bb da_alt_close=\u00bboff\u00bb da_dark_close=\u00bboff\u00bb da_not_modal=\u00bbon\u00bb da_is_singular=\u00bboff\u00bb da_with_loader=\u00bboff\u00bb da_has_shadow=\u00bbon\u00bb][et_pb_row _builder_version=\u00bb4.14.4&#8243; _module_preset=\u00bbdefault\u00bb width_tablet=\u00bb90%\u00bb width_phone=\u00bb90%\u00bb width_last_edited=\u00bbon|phone\u00bb global_colors_info=\u00bb{}\u00bb][et_pb_column type=\u00bb4_4&#8243; _builder_version=\u00bb4.14.4&#8243; _module_preset=\u00bbdefault\u00bb global_colors_info=\u00bb{}\u00bb][et_pb_image src=\u00bbhttps:\/\/precis.gal\/principal\/wp-content\/uploads\/2022\/06\/AU-MDC-EM-F01.jpg\u00bb title_text=\u00bbAU-MDC-EM-F01&#8243; align=\u00bbcenter\u00bb force_fullwidth=\u00bbon\u00bb _builder_version=\u00bb4.14.4&#8243; _module_preset=\u00bbdefault\u00bb global_colors_info=\u00bb{}\u00bb][\/et_pb_image][\/et_pb_column][\/et_pb_row][\/et_pb_section][et_pb_section fb_built=\u00bb1&#8243; custom_padding_last_edited=\u00bbon|phone\u00bb _builder_version=\u00bb4.14.4&#8243; _module_preset=\u00bbdefault\u00bb background_enable_color=\u00bboff\u00bb custom_padding=\u00bb25px||25px||true|false\u00bb custom_padding_tablet=\u00bb0px||0px||true|false\u00bb custom_padding_phone=\u00bb0px||0px||true|false\u00bb da_disable_devices=\u00bboff|off|off\u00bb global_colors_info=\u00bb{}\u00bb da_is_popup=\u00bboff\u00bb da_exit_intent=\u00bboff\u00bb da_has_close=\u00bbon\u00bb da_alt_close=\u00bboff\u00bb da_dark_close=\u00bboff\u00bb da_not_modal=\u00bbon\u00bb da_is_singular=\u00bboff\u00bb da_with_loader=\u00bboff\u00bb da_has_shadow=\u00bbon\u00bb][et_pb_row _builder_version=\u00bb4.14.4&#8243; _module_preset=\u00bbdefault\u00bb width_tablet=\u00bb90%\u00bb width_phone=\u00bb90%\u00bb width_last_edited=\u00bbon|phone\u00bb global_colors_info=\u00bb{}\u00bb][et_pb_column type=\u00bb4_4&#8243; _builder_version=\u00bb4.14.4&#8243; _module_preset=\u00bbdefault\u00bb custom_padding=\u00bb||||false|false\u00bb custom_padding_tablet=\u00bb|0%|||false|false\u00bb custom_padding_phone=\u00bb|0%|||false|false\u00bb custom_padding_last_edited=\u00bbon|phone\u00bb global_colors_info=\u00bb{}\u00bb][et_pb_text _builder_version=\u00bb4.14.4&#8243; _module_preset=\u00bbdefault\u00bb global_colors_info=\u00bb{}\u00bb]<\/p>\n<h1>Equipos Mangueta<\/h1>\n<p>[\/et_pb_text][\/et_pb_column][\/et_pb_row][\/et_pb_section][et_pb_section fb_built=\u00bb1&#8243; custom_padding_last_edited=\u00bbon|phone\u00bb _builder_version=\u00bb4.14.4&#8243; _module_preset=\u00bbdefault\u00bb background_enable_color=\u00bboff\u00bb custom_padding=\u00bb25px||25px||true|false\u00bb custom_padding_tablet=\u00bb||||false|false\u00bb custom_padding_phone=\u00bb25px||25px||false|false\u00bb da_disable_devices=\u00bboff|off|off\u00bb global_colors_info=\u00bb{}\u00bb da_is_popup=\u00bboff\u00bb da_exit_intent=\u00bboff\u00bb da_has_close=\u00bbon\u00bb da_alt_close=\u00bboff\u00bb da_dark_close=\u00bboff\u00bb da_not_modal=\u00bbon\u00bb da_is_singular=\u00bboff\u00bb da_with_loader=\u00bboff\u00bb da_has_shadow=\u00bbon\u00bb][et_pb_row _builder_version=\u00bb4.14.4&#8243; _module_preset=\u00bbdefault\u00bb width_tablet=\u00bb90%\u00bb width_phone=\u00bb90%\u00bb width_last_edited=\u00bbon|phone\u00bb custom_padding=\u00bb0px||0px|||\u00bb global_colors_info=\u00bb{}\u00bb][et_pb_column type=\u00bb4_4&#8243; _builder_version=\u00bb4.14.4&#8243; _module_preset=\u00bbdefault\u00bb custom_padding=\u00bb|||40%|false|false\u00bb custom_padding_tablet=\u00bb|||0%|false|false\u00bb custom_padding_phone=\u00bb|||0%|false|false\u00bb custom_padding_last_edited=\u00bbon|tablet\u00bb global_colors_info=\u00bb{}\u00bb][et_pb_text _builder_version=\u00bb4.14.4&#8243; _module_preset=\u00bbdefault\u00bb header_font_size=\u00bb25px\u00bb hover_enabled=\u00bb0&#8243; text_font_tablet=\u00bb\u00bb text_font_phone=\u00bb\u00bb text_font_last_edited=\u00bbon|desktop\u00bb global_colors_info=\u00bb{}\u00bb sticky_enabled=\u00bb0&#8243;]<\/p>\n<h3 class=\"has-text-align-center\">Realizamos desde el dise\u00f1o, a la construcci\u00f3n y verificaci\u00f3n de los patrones y estudios R&amp;R y exactitud del equipo.\u00a0Ofrecemos medios mec\u00e1nicos y electr\u00f3nicos, pudiendo estos \u00faltimos incorporarse a otra m\u00e1quina. Hemos desarrollado un software espec\u00edfico para el registro de la trazabilidad del producto.<\/h3>\n<p>[\/et_pb_text][\/et_pb_column][\/et_pb_row][\/et_pb_section][et_pb_section fb_built=\u00bb1&#8243; custom_padding_last_edited=\u00bbon|phone\u00bb _builder_version=\u00bb4.14.4&#8243; _module_preset=\u00bbdefault\u00bb background_color=\u00bbRGBA(255,255,255,0)\u00bb custom_padding_tablet=\u00bb0px||0px||true|false\u00bb custom_padding_phone=\u00bb0px||0px||true|false\u00bb da_disable_devices=\u00bboff|off|off\u00bb global_colors_info=\u00bb{}\u00bb da_is_popup=\u00bboff\u00bb da_exit_intent=\u00bboff\u00bb da_has_close=\u00bbon\u00bb da_alt_close=\u00bboff\u00bb da_dark_close=\u00bboff\u00bb da_not_modal=\u00bbon\u00bb da_is_singular=\u00bboff\u00bb da_with_loader=\u00bboff\u00bb da_has_shadow=\u00bbon\u00bb][et_pb_row column_structure=\u00bb1_3,1_3,1_3&#8243; _builder_version=\u00bb4.14.4&#8243; _module_preset=\u00bbdefault\u00bb custom_padding=\u00bb||50px||false|false\u00bb custom_css_main_element=\u00bbdisplay: flex;\u00bb global_colors_info=\u00bb{}\u00bb][et_pb_column type=\u00bb1_3&#8243; _builder_version=\u00bb4.14.4&#8243; _module_preset=\u00bbdefault\u00bb global_colors_info=\u00bb{}\u00bb][et_pb_image src=\u00bbhttps:\/\/precis.gal\/principal\/wp-content\/uploads\/2022\/02\/AU-MDC-EM-F06.jpg\u00bb title_text=\u00bbAU-MDC-EM-F06&#8243; _builder_version=\u00bb4.14.4&#8243; _module_preset=\u00bbdefault\u00bb global_colors_info=\u00bb{}\u00bb][\/et_pb_image][\/et_pb_column][et_pb_column type=\u00bb1_3&#8243; _builder_version=\u00bb4.14.4&#8243; _module_preset=\u00bbdefault\u00bb global_colors_info=\u00bb{}\u00bb][et_pb_image src=\u00bbhttps:\/\/precis.gal\/principal\/wp-content\/uploads\/2022\/02\/AU-MDC-EM-F07.jpg\u00bb title_text=\u00bbAU-MDC-EM-F07&#8243; _builder_version=\u00bb4.14.4&#8243; _module_preset=\u00bbdefault\u00bb global_colors_info=\u00bb{}\u00bb][\/et_pb_image][\/et_pb_column][et_pb_column type=\u00bb1_3&#8243; _builder_version=\u00bb4.14.4&#8243; _module_preset=\u00bbdefault\u00bb global_colors_info=\u00bb{}\u00bb][et_pb_image src=\u00bbhttps:\/\/precis.gal\/principal\/wp-content\/uploads\/2022\/02\/AU-MDC-EM-F08.jpg\u00bb title_text=\u00bbAU-MDC-EM-F08&#8243; _builder_version=\u00bb4.14.4&#8243; _module_preset=\u00bbdefault\u00bb global_colors_info=\u00bb{}\u00bb][\/et_pb_image][\/et_pb_column][\/et_pb_row][\/et_pb_section][et_pb_section fb_built=\u00bb1&#8243; custom_padding_last_edited=\u00bbon|phone\u00bb _builder_version=\u00bb4.14.4&#8243; _module_preset=\u00bbdefault\u00bb background_color=\u00bbRGBA(255,255,255,0)\u00bb custom_padding=\u00bb50px||50px||true|false\u00bb custom_padding_tablet=\u00bb20px||20px||true|false\u00bb custom_padding_phone=\u00bb0px||0px||true|false\u00bb da_disable_devices=\u00bboff|off|off\u00bb global_colors_info=\u00bb{}\u00bb da_is_popup=\u00bboff\u00bb da_exit_intent=\u00bboff\u00bb da_has_close=\u00bbon\u00bb da_alt_close=\u00bboff\u00bb da_dark_close=\u00bboff\u00bb da_not_modal=\u00bbon\u00bb da_is_singular=\u00bboff\u00bb da_with_loader=\u00bboff\u00bb da_has_shadow=\u00bbon\u00bb][et_pb_row _builder_version=\u00bb4.14.4&#8243; _module_preset=\u00bbdefault\u00bb width_tablet=\u00bb100%\u00bb width_phone=\u00bb100%\u00bb width_last_edited=\u00bbon|phone\u00bb global_colors_info=\u00bb{}\u00bb][et_pb_column type=\u00bb4_4&#8243; _builder_version=\u00bb4.14.4&#8243; _module_preset=\u00bbdefault\u00bb global_colors_info=\u00bb{}\u00bb][dica_divi_carousel item_width_auto=\u00bbon\u00bb item_width=\u00bb600px\u00bb item_width_tablet=\u00bb500px\u00bb item_width_phone=\u00bb300px\u00bb item_width_last_edited=\u00bbon|phone\u00bb dot_nav=\u00bbon\u00bb item_spacing=\u00bb16&#8243; item_vertical_align=\u00bbflex-start\u00bb advanced_effect=\u00bb1&#8243; arrow_nav_color=\u00bbrgba(255,255,255,0.89)\u00bb arrow_bg_color=\u00bbRGBA(255,255,255,0)\u00bb dots_active_color=\u00bb#333333&#8243; arrow_show_hover=\u00bbon\u00bb arrow_alignment=\u00bbcenter\u00bb carousel_container_padding=\u00bb||||false|false\u00bb innercontent_padding=\u00bb10px||||false|false\u00bb arrow_position_last_edited=\u00bboff|tablet\u00bb disabled_on=\u00bbon|off|off\u00bb _builder_version=\u00bb4.14.4&#8243; _module_preset=\u00bbdefault\u00bb title_font=\u00bbPoppins|600|||||||\u00bb background_color=\u00bbRGBA(255,255,255,0)\u00bb global_colors_info=\u00bb{}\u00bb][dica_divi_carouselitem button_url_new_window=\u00bb1&#8243; image=\u00bbhttps:\/\/precis.gal\/principal\/wp-content\/uploads\/2022\/06\/AU-MDC-EM-F02-scaled.jpg\u00bb _builder_version=\u00bb4.14.4&#8243; _module_preset=\u00bbdefault\u00bb global_colors_info=\u00bb{}\u00bb][\/dica_divi_carouselitem][dica_divi_carouselitem button_url_new_window=\u00bb1&#8243; image=\u00bbhttps:\/\/precis.gal\/principal\/wp-content\/uploads\/2022\/06\/AU-MDC-EM-F03-scaled.jpg\u00bb _builder_version=\u00bb4.14.4&#8243; _module_preset=\u00bbdefault\u00bb global_colors_info=\u00bb{}\u00bb][\/dica_divi_carouselitem][dica_divi_carouselitem button_url_new_window=\u00bb1&#8243; image=\u00bbhttps:\/\/precis.gal\/principal\/wp-content\/uploads\/2022\/06\/AU-MDC-EM-F04-scaled.jpg\u00bb _builder_version=\u00bb4.14.4&#8243; _module_preset=\u00bbdefault\u00bb global_colors_info=\u00bb{}\u00bb][\/dica_divi_carouselitem][dica_divi_carouselitem button_url_new_window=\u00bb1&#8243; image=\u00bbhttps:\/\/precis.gal\/principal\/wp-content\/uploads\/2022\/06\/AU-MDC-EM-F05-scaled.jpg\u00bb _builder_version=\u00bb4.14.4&#8243; _module_preset=\u00bbdefault\u00bb global_colors_info=\u00bb{}\u00bb][\/dica_divi_carouselitem][\/dica_divi_carousel][dica_divi_carousel item_width_auto=\u00bbon\u00bb item_width_tablet=\u00bb500px\u00bb item_width_phone=\u00bb300px\u00bb item_width_last_edited=\u00bbon|phone\u00bb dot_nav=\u00bbon\u00bb item_spacing=\u00bb16&#8243; item_vertical_align=\u00bbflex-start\u00bb advanced_effect=\u00bb1&#8243; arrow_nav_color=\u00bbrgba(255,255,255,0.89)\u00bb arrow_bg_color=\u00bbRGBA(255,255,255,0)\u00bb dots_active_color=\u00bb#333333&#8243; arrow_show_hover=\u00bbon\u00bb arrow_alignment=\u00bbcenter\u00bb carousel_container_padding=\u00bb||||false|false\u00bb innercontent_padding=\u00bb10px||||false|false\u00bb arrow_position_last_edited=\u00bboff|tablet\u00bb disabled_on=\u00bboff|on|on\u00bb _builder_version=\u00bb4.14.4&#8243; _module_preset=\u00bbdefault\u00bb title_font=\u00bbPoppins|600|||||||\u00bb background_color=\u00bbRGBA(255,255,255,0)\u00bb global_colors_info=\u00bb{}\u00bb][dica_divi_carouselitem button_url_new_window=\u00bb1&#8243; image=\u00bbhttps:\/\/precis.gal\/principal\/wp-content\/uploads\/2022\/06\/AU-MDC-EM-F02V-scaled.jpg\u00bb _builder_version=\u00bb4.14.4&#8243; _module_preset=\u00bbdefault\u00bb global_colors_info=\u00bb{}\u00bb][\/dica_divi_carouselitem][dica_divi_carouselitem button_url_new_window=\u00bb1&#8243; image=\u00bbhttps:\/\/precis.gal\/principal\/wp-content\/uploads\/2022\/06\/AU-MDC-EM-F03V-scaled.jpg\u00bb _builder_version=\u00bb4.14.4&#8243; _module_preset=\u00bbdefault\u00bb global_colors_info=\u00bb{}\u00bb][\/dica_divi_carouselitem][dica_divi_carouselitem button_url_new_window=\u00bb1&#8243; image=\u00bbhttps:\/\/precis.gal\/principal\/wp-content\/uploads\/2022\/06\/AU-MDC-EM-F04V-scaled.jpg\u00bb _builder_version=\u00bb4.14.4&#8243; _module_preset=\u00bbdefault\u00bb global_colors_info=\u00bb{}\u00bb][\/dica_divi_carouselitem][dica_divi_carouselitem button_url_new_window=\u00bb1&#8243; image=\u00bbhttps:\/\/precis.gal\/principal\/wp-content\/uploads\/2022\/06\/AU-MDC-EM-F05V-scaled.jpg\u00bb _builder_version=\u00bb4.14.4&#8243; _module_preset=\u00bbdefault\u00bb global_colors_info=\u00bb{}\u00bb][\/dica_divi_carouselitem][\/dica_divi_carousel][\/et_pb_column][\/et_pb_row][\/et_pb_section][et_pb_section fb_built=\u00bb1&#8243; custom_padding_last_edited=\u00bbon|phone\u00bb _builder_version=\u00bb4.14.4&#8243; _module_preset=\u00bbdefault\u00bb background_enable_color=\u00bboff\u00bb custom_padding=\u00bb50px||50px||true|false\u00bb custom_padding_tablet=\u00bb0px||0px||true|false\u00bb custom_padding_phone=\u00bb0px||0px||true|false\u00bb da_disable_devices=\u00bboff|off|off\u00bb global_colors_info=\u00bb{}\u00bb da_is_popup=\u00bboff\u00bb da_exit_intent=\u00bboff\u00bb da_has_close=\u00bbon\u00bb da_alt_close=\u00bboff\u00bb da_dark_close=\u00bboff\u00bb da_not_modal=\u00bbon\u00bb da_is_singular=\u00bboff\u00bb da_with_loader=\u00bboff\u00bb da_has_shadow=\u00bbon\u00bb][et_pb_row _builder_version=\u00bb4.14.4&#8243; _module_preset=\u00bbdefault\u00bb global_colors_info=\u00bb{}\u00bb][et_pb_column type=\u00bb4_4&#8243; _builder_version=\u00bb4.14.4&#8243; _module_preset=\u00bbdefault\u00bb global_colors_info=\u00bb{}\u00bb][et_pb_divider show_divider=\u00bboff\u00bb _builder_version=\u00bb4.14.4&#8243; _module_preset=\u00bbdefault\u00bb global_colors_info=\u00bb{}\u00bb][\/et_pb_divider][\/et_pb_column][\/et_pb_row][\/et_pb_section]<\/p>\n","protected":false},"excerpt":{"rendered":"<p>Medios de control<div id=\"mega-menu-wrap-secondary-menu\" class=\"mega-menu-wrap\"><div class=\"mega-menu-toggle\"><div class=\"mega-toggle-blocks-left\"><\/div><div class=\"mega-toggle-blocks-center\"><\/div><div class=\"mega-toggle-blocks-right\"><div class='mega-toggle-block mega-menu-toggle-animated-block mega-toggle-block-0' id='mega-toggle-block-0'><button aria-label=\"Toggle Menu\" class=\"mega-toggle-animated mega-toggle-animated-slider\" type=\"button\" aria-expanded=\"false\">\n                  <span class=\"mega-toggle-animated-box\">\n                    <span class=\"mega-toggle-animated-inner\"><\/span>\n                  <\/span>\n                <\/button><\/div><\/div><\/div><ul id=\"mega-menu-secondary-menu\" class=\"mega-menu max-mega-menu mega-menu-horizontal mega-no-js\" data-event=\"hover_intent\" data-effect=\"disabled\" data-effect-speed=\"200\" data-effect-mobile=\"disabled\" data-effect-speed-mobile=\"0\" data-mobile-force-width=\"false\" data-second-click=\"go\" data-document-click=\"collapse\" data-vertical-behaviour=\"standard\" data-breakpoint=\"0\" data-unbind=\"true\" data-mobile-state=\"collapse_all\" data-hover-intent-timeout=\"300\" data-hover-intent-interval=\"100\"><li class='mega-menu-item mega-menu-item-type-post_type mega-menu-item-object-page mega-align-bottom-left mega-menu-flyout mega-menu-item-840' id='mega-menu-item-840'><a class=\"mega-menu-link\" href=\"https:\/\/precis.gal\/principal\/productos\/automocion\/maquinas-y-lineas\/propshaft\/\" tabindex=\"0\">Propshaft<\/a><\/li><li class='mega-menu-item mega-menu-item-type-post_type mega-menu-item-object-page mega-align-bottom-left mega-menu-flyout mega-menu-item-841' id='mega-menu-item-841'><a class=\"mega-menu-link\" href=\"https:\/\/precis.gal\/principal\/productos\/automocion\/maquinas-y-lineas\/montaje-de-componentes\/\" tabindex=\"0\">Montaje de componentes<\/a><\/li><li class='mega-menu-item mega-menu-item-type-post_type mega-menu-item-object-page mega-align-bottom-left mega-menu-flyout mega-menu-item-842' id='mega-menu-item-842'><a class=\"mega-menu-link\" href=\"https:\/\/precis.gal\/principal\/productos\/automocion\/maquinas-y-lineas\/inspeccion-por-vision\/\" tabindex=\"0\">Inspecci\u00f3n por visi\u00f3n<\/a><\/li><li class='mega-menu-item mega-menu-item-type-post_type mega-menu-item-object-page mega-align-bottom-left mega-menu-flyout mega-menu-item-843' id='mega-menu-item-843'><a class=\"mega-menu-link\" href=\"https:\/\/precis.gal\/principal\/productos\/automocion\/maquinas-y-lineas\/direcciones\/\" tabindex=\"0\">Direcciones<\/a><\/li><li class='mega-menu-item mega-menu-item-type-post_type mega-menu-item-object-page mega-align-bottom-left mega-menu-flyout mega-menu-item-844' id='mega-menu-item-844'><a class=\"mega-menu-link\" href=\"https:\/\/precis.gal\/principal\/productos\/automocion\/maquinas-y-lineas\/lineas-robotizadas\/\" tabindex=\"0\">L\u00edneas robotizadas<\/a><\/li><li class='mega-menu-item mega-menu-item-type-post_type mega-menu-item-object-page mega-align-bottom-left mega-menu-flyout mega-menu-item-845' id='mega-menu-item-845'><a class=\"mega-menu-link\" href=\"https:\/\/precis.gal\/principal\/productos\/automocion\/maquinas-y-lineas\/puestos-especiales\/\" tabindex=\"0\">Puestos especiales<\/a><\/li><\/ul><\/div>Equipos ManguetaRealizamos desde el dise\u00f1o, a la construcci\u00f3n y verificaci\u00f3n de los patrones y estudios R&amp;R y exactitud del equipo.\u00a0Ofrecemos medios mec\u00e1nicos y electr\u00f3nicos, pudiendo estos \u00faltimos incorporarse a otra m\u00e1quina. Hemos desarrollado un software espec\u00edfico para el registro de la trazabilidad del producto.<div class=\"et_pb_module dica_divi_carousel dica_divi_carousel_0\">\n\t\t\t\t\n\t\t\t\t\n\t\t\t\t\n\t\t\t\t\n\t\t\t\t<div class=\"et_pb_module_inner\">\n\t\t\t\t\t<div class=\"dica-container  desktop_middle-inside tablet_middle-inside mobile_middle-inside\" data-props='{\"desktop\":\"4\",\"tablet\":\"3\",\"mobile\":\"1\",\"speed\":\"500\",\"arrow\":\"off\",\"dots\":\"\\u00bbon\\u00bb\",\"autoplay\":\"off\",\"autoSpeed\":\"1000\",\"loop\":\"off\",\"item_spacing\":\"\\u00bb16&#8243;\",\"center_mode\":\"off\",\"slider_effec\":\"1\",\"cover_rotate\":\"50\",\"pause_onhover\":\"off\",\"multislide\":\"off\",\"cfshadow\":\"on\",\"order\":\"0\",\"lazyload\":\"off\",\"lazybefore\":\"off\",\"scroller_effect\":\"off\",\"autowidth\":\"\\u00bbon\\u00bb\",\"item_spacing_tablet\":\"\\u00bb16&#8243;\",\"item_spacing_phone\":\"\\u00bb16&#8243;\",\"scroller_speed\":\"4000\",\"hashNavigation\":\"off\",\"simulatetouch\":\"off\",\"allowtouchmove\":\"off\"}'>\r\n\t\t\t\t\t\t\t \t<div class=\"swiper-container\">\r\n\t\t\t\t\t\t\t\t\t<div class=\"swiper-wrapper\"><\/div>\t\r\n\t\t\t\t\t\t\t\t<\/div>\t\r\n\t\t\t\t\t\t\t\t\r\n\t\t\t\t\t\t\t\t\t\t\t\t\t\t\r\n\t\t\t\t\t\t\t<\/div>\n\t\t\t\t<\/div>\n\t\t\t<\/div><\/p>\n","protected":false},"author":1,"featured_media":0,"parent":329,"menu_order":2,"comment_status":"closed","ping_status":"closed","template":"","meta":{"_et_pb_use_builder":"on","_et_pb_old_content":"","_et_gb_content_width":"","footnotes":""},"class_list":["post-897","page","type-page","status-publish","hentry"],"_links":{"self":[{"href":"https:\/\/precis.gal\/principal\/wp-json\/wp\/v2\/pages\/897","targetHints":{"allow":["GET"]}}],"collection":[{"href":"https:\/\/precis.gal\/principal\/wp-json\/wp\/v2\/pages"}],"about":[{"href":"https:\/\/precis.gal\/principal\/wp-json\/wp\/v2\/types\/page"}],"author":[{"embeddable":true,"href":"https:\/\/precis.gal\/principal\/wp-json\/wp\/v2\/users\/1"}],"replies":[{"embeddable":true,"href":"https:\/\/precis.gal\/principal\/wp-json\/wp\/v2\/comments?post=897"}],"version-history":[{"count":0,"href":"https:\/\/precis.gal\/principal\/wp-json\/wp\/v2\/pages\/897\/revisions"}],"up":[{"embeddable":true,"href":"https:\/\/precis.gal\/principal\/wp-json\/wp\/v2\/pages\/329"}],"wp:attachment":[{"href":"https:\/\/precis.gal\/principal\/wp-json\/wp\/v2\/media?parent=897"}],"curies":[{"name":"wp","href":"https:\/\/api.w.org\/{rel}","templated":true}]}}